{"id":121,"date":"2025-07-17T10:51:13","date_gmt":"2025-07-17T08:51:13","guid":{"rendered":"https:\/\/imperialconstructions.fr\/?page_id=121"},"modified":"2025-10-02T14:02:44","modified_gmt":"2025-10-02T12:02:44","slug":"mentions-legales","status":"publish","type":"page","link":"https:\/\/imperialconstructions.fr\/index.php\/mentions-legales\/","title":{"rendered":"Mentions L\u00e9gales"},"content":{"rendered":"\t\t<div data-elementor-type=\"wp-page\" data-elementor-id=\"121\" class=\"elementor elementor-121\">\n\t\t\t\t<div class=\"elementor-element elementor-element-29a1bdef e-flex e-con-boxed e-con e-parent\" data-id=\"29a1bdef\" data-element_type=\"container\" data-e-type=\"container\">\n\t\t\t\t\t<div class=\"e-con-inner\">\n\t\t\t\t<div class=\"elementor-element elementor-element-4ca8ad89 elementor-widget elementor-widget-text-editor\" data-id=\"4ca8ad89\" data-element_type=\"widget\" data-e-type=\"widget\" data-widget_type=\"text-editor.default\">\n\t\t\t\t<div class=\"elementor-widget-container\">\n\t\t\t\t\t\t\t\t\t<p data-start=\"290\" data-end=\"339\"><em data-start=\"313\" data-end=\"339\">En vigueur au 02\/10\/2025<\/em><\/p>\n<p data-start=\"341\" data-end=\"599\">Conform\u00e9ment aux dispositions de la loi n\u00b02004-575 du 21 juin 2004 pour la Confiance dans l\u2019\u00e9conomie num\u00e9rique (LCEN), il est port\u00e9 \u00e0 la connaissance des utilisateurs du site <strong data-start=\"516\" data-end=\"544\">imperialconstructions.fr<\/strong> (ci-apr\u00e8s \u00ab le Site \u00bb) les pr\u00e9sentes mentions l\u00e9gales.<\/p>\n<p data-start=\"601\" data-end=\"741\">La connexion et la navigation sur le Site par l\u2019Utilisateur impliquent acceptation int\u00e9grale et sans r\u00e9serve des pr\u00e9sentes mentions l\u00e9gales.<\/p>\n<p data-start=\"601\" data-end=\"741\">\u00a0<\/p>\n<hr data-start=\"743\" data-end=\"746\" \/>\n<h2 data-start=\"748\" data-end=\"771\">\u00a0<\/h2>\n<h2 data-start=\"748\" data-end=\"771\">1. \u00c9diteur du Site<\/h2>\n<p data-start=\"772\" data-end=\"826\">Le Site est \u00e9dit\u00e9 par :<br data-start=\"795\" data-end=\"798\" \/><strong data-start=\"798\" data-end=\"824\">Imperial Constructions<\/strong><\/p>\n<ul data-start=\"827\" data-end=\"1142\">\n<li data-start=\"827\" data-end=\"852\">\n<p data-start=\"829\" data-end=\"852\">Forme juridique : SAS<\/p>\n<\/li>\n<li data-start=\"853\" data-end=\"882\">\n<p data-start=\"855\" data-end=\"882\">Capital social : 500,00 \u20ac<\/p>\n<\/li>\n<li data-start=\"883\" data-end=\"913\">\n<p data-start=\"885\" data-end=\"913\">RCS : 927 737 643 RCS \u00c9vry<\/p>\n<\/li>\n<li data-start=\"914\" data-end=\"971\">\n<p data-start=\"916\" data-end=\"971\">Si\u00e8ge social : 20B Rue du Marais, 91470 Angervilliers<\/p>\n<\/li>\n<li data-start=\"972\" data-end=\"1002\">\n<p data-start=\"974\" data-end=\"1002\">T\u00e9l\u00e9phone : 07 85 42 40 90<\/p>\n<\/li>\n<li data-start=\"1003\" data-end=\"1048\">\n<p data-start=\"1005\" data-end=\"1048\">E-mail : <a class=\"decorated-link cursor-pointer\" rel=\"noopener\" data-start=\"1014\" data-end=\"1046\">imperialconstruction91@gmail.com<\/a><\/p>\n<\/li>\n<li data-start=\"1049\" data-end=\"1094\">\n<p data-start=\"1051\" data-end=\"1094\">N\u00b0 TVA intracommunautaire : FR89927737643<\/p>\n<\/li>\n<li data-start=\"1095\" data-end=\"1142\">\n<p data-start=\"1097\" data-end=\"1142\">Directeur de la publication : M. Alex MACHADO<\/p>\n<\/li>\n<\/ul>\n<p>\u00a0<\/p>\n<hr data-start=\"1144\" data-end=\"1147\" \/>\n<h2 data-start=\"1149\" data-end=\"1174\">\u00a0<\/h2>\n<h2 data-start=\"1149\" data-end=\"1174\">2. H\u00e9bergeur du Site<\/h2>\n<p data-start=\"1175\" data-end=\"1335\">Le Site est h\u00e9berg\u00e9 par :<br data-start=\"1200\" data-end=\"1203\" \/><strong data-start=\"1203\" data-end=\"1214\">OVH SAS<\/strong><br data-start=\"1214\" data-end=\"1217\" \/>Si\u00e8ge social : 2, rue Kellermann, 59100 Roubaix, France<br data-start=\"1272\" data-end=\"1275\" \/>T\u00e9l\u00e9phone : +33 (0)9 72 10 10 07<br data-start=\"1307\" data-end=\"1310\" \/>Site : <a class=\"decorated-link cursor-pointer\" target=\"_new\" rel=\"noopener\" data-start=\"1317\" data-end=\"1333\">www.ovhcloud.com<\/a><\/p>\n<p>\u00a0<\/p>\n<hr data-start=\"1337\" data-end=\"1340\" \/>\n<h2 data-start=\"1342\" data-end=\"1363\">\u00a0<\/h2>\n<h2 data-start=\"1342\" data-end=\"1363\">3. Acc\u00e8s au Site<\/h2>\n<p data-start=\"1364\" data-end=\"1685\">Le Site est normalement accessible \u00e0 tout moment par l\u2019Utilisateur. Toutefois, l\u2019\u00c9diteur se r\u00e9serve le droit de suspendre, limiter ou interrompre l\u2019acc\u00e8s au Site pour des raisons techniques, de maintenance ou de mise \u00e0 jour. L\u2019\u00c9diteur ne pourra \u00eatre tenu responsable des cons\u00e9quences \u00e9ventuelles de cette indisponibilit\u00e9.<\/p>\n<p>\u00a0<\/p>\n<hr data-start=\"1687\" data-end=\"1690\" \/>\n<h2 data-start=\"1692\" data-end=\"1724\">\u00a0<\/h2>\n<h2 data-start=\"1692\" data-end=\"1724\">4. Propri\u00e9t\u00e9 intellectuelle<\/h2>\n<p data-start=\"1725\" data-end=\"2029\">Tout le contenu du Site (textes, images, logos, vid\u00e9os, structure) est prot\u00e9g\u00e9 par le droit de la propri\u00e9t\u00e9 intellectuelle.<br data-start=\"1848\" data-end=\"1851\" \/>Toute reproduction, repr\u00e9sentation, modification ou adaptation, totale ou partielle, sans autorisation expresse, est interdite et pourra donner lieu \u00e0 des poursuites judiciaires.<\/p>\t\t\t\t\t\t\t\t<\/div>\n\t\t\t\t<\/div>\n\t\t\t\t\t<\/div>\n\t\t\t\t<\/div>\n\t\t\t\t<\/div>\n\t\t","protected":false},"excerpt":{"rendered":"<p>En vigueur au 02\/10\/2025 Conform\u00e9ment aux dispositions de la loi n\u00b02004-575 du 21 juin 2004 pour la Confiance dans l\u2019\u00e9conomie num\u00e9rique (LCEN), il est port\u00e9 \u00e0 la connaissance des utilisateurs du site imperialconstructions.fr (ci-apr\u00e8s \u00ab le Site \u00bb) les pr\u00e9sentes mentions l\u00e9gales. La connexion et la navigation sur le Site par l\u2019Utilisateur impliquent acceptation int\u00e9grale [&hellip;]<\/p>\n","protected":false},"author":1,"featured_media":0,"parent":0,"menu_order":0,"comment_status":"closed","ping_status":"closed","template":"","meta":{"footnotes":""},"class_list":["post-121","page","type-page","status-publish","hentry"],"_links":{"self":[{"href":"https:\/\/imperialconstructions.fr\/index.php\/wp-json\/wp\/v2\/pages\/121","targetHints":{"allow":["GET"]}}],"collection":[{"href":"https:\/\/imperialconstructions.fr\/index.php\/wp-json\/wp\/v2\/pages"}],"about":[{"href":"https:\/\/imperialconstructions.fr\/index.php\/wp-json\/wp\/v2\/types\/page"}],"author":[{"embeddable":true,"href":"https:\/\/imperialconstructions.fr\/index.php\/wp-json\/wp\/v2\/users\/1"}],"replies":[{"embeddable":true,"href":"https:\/\/imperialconstructions.fr\/index.php\/wp-json\/wp\/v2\/comments?post=121"}],"version-history":[{"count":14,"href":"https:\/\/imperialconstructions.fr\/index.php\/wp-json\/wp\/v2\/pages\/121\/revisions"}],"predecessor-version":[{"id":472,"href":"https:\/\/imperialconstructions.fr\/index.php\/wp-json\/wp\/v2\/pages\/121\/revisions\/472"}],"wp:attachment":[{"href":"https:\/\/imperialconstructions.fr\/index.php\/wp-json\/wp\/v2\/media?parent=121"}],"curies":[{"name":"wp","href":"https:\/\/api.w.org\/{rel}","templated":true}]}}