{"id":190,"date":"2025-07-30T10:23:40","date_gmt":"2025-07-30T08:23:40","guid":{"rendered":"https:\/\/imperialconstructions.fr\/?page_id=190"},"modified":"2025-10-02T12:55:34","modified_gmt":"2025-10-02T10:55:34","slug":"macon-91-imperial-constructions","status":"publish","type":"page","link":"https:\/\/imperialconstructions.fr\/index.php\/macon-91-imperial-constructions\/","title":{"rendered":"Ma\u00e7on 91 : Votre Expert en Ma\u00e7onnerie G\u00e9n\u00e9rale en Essonne"},"content":{"rendered":"\t\t<div data-elementor-type=\"wp-page\" data-elementor-id=\"190\" class=\"elementor elementor-190\">\n\t\t\t\t<div class=\"elementor-element elementor-element-8306f1d e-flex e-con-boxed e-con e-parent\" data-id=\"8306f1d\" data-element_type=\"container\" data-e-type=\"container\">\n\t\t\t\t\t<div class=\"e-con-inner\">\n\t\t\t\t<div class=\"elementor-element elementor-element-3c6d9ff elementor-widget elementor-widget-heading\" data-id=\"3c6d9ff\" data-element_type=\"widget\" data-e-type=\"widget\" data-widget_type=\"heading.default\">\n\t\t\t\t<div class=\"elementor-widget-container\">\n\t\t\t\t\t<h1 class=\"elementor-heading-title elementor-size-default\">Ma\u00e7on 91 : Votre Expert en Ma\u00e7onnerie G\u00e9n\u00e9rale en Essonne<\/h1>\t\t\t\t<\/div>\n\t\t\t\t<\/div>\n\t\t\t\t<div class=\"elementor-element elementor-element-7d47de1 elementor-widget elementor-widget-text-editor\" data-id=\"7d47de1\" data-element_type=\"widget\" data-e-type=\"widget\" data-widget_type=\"text-editor.default\">\n\t\t\t\t<div class=\"elementor-widget-container\">\n\t\t\t\t\t\t\t\t\t<div id=\"model-response-message-contentr_fb0e6f483a455d99\" class=\"markdown markdown-main-panel enable-updated-hr-color\" dir=\"ltr\"><p>\u00a0<\/p><hr \/><p>Vous recherchez un <b>ma\u00e7on 91<\/b> fiable et exp\u00e9riment\u00e9 pour vos projets en <a href=\"https:\/\/fr.wikipedia.org\/wiki\/Essonne_(d\u00e9partement)\" target=\"_blank\" rel=\"noopener\">Essonne (91)<\/a> ou dans toute l&rsquo;\u00cele-de-France ? Ne cherchez plus ! Que ce soit pour une construction neuve, une r\u00e9novation ou un agrandissement, je mets mon expertise et celle de mon \u00e9quipe \u00e0 votre service. Nous nous engageons \u00e0 r\u00e9aliser vos travaux avec un travail soign\u00e9 et de qualit\u00e9, tout en respectant scrupuleusement les d\u00e9lais et nos engagements.<\/p><\/div><p>\u00a0<\/p><div id=\"model-response-message-contentr_fb0e6f483a455d99\" class=\"markdown markdown-main-panel enable-updated-hr-color\" dir=\"ltr\"><h2>Votre Ma\u00e7on 91 Pour Tous Vos Travaux de Ma\u00e7onnerie\u00a0<\/h2><p>Mon entreprise propose une gamme compl\u00e8te de services de <b>ma\u00e7onnerie g\u00e9n\u00e9rale dans l&rsquo;Essonne<\/b>\u00a0pour r\u00e9pondre \u00e0 tous vos besoins. Nous sommes sp\u00e9cialis\u00e9s dans les projets r\u00e9sidentiels et professionnels, apportant notre savoir-faire pour des r\u00e9sultats durables et esth\u00e9tiques. Notre \u00e9quipe exp\u00e9riment\u00e9e et \u00e0 l&rsquo;\u00e9coute est l\u00e0 pour vous conseiller et vous accompagner \u00e0 chaque \u00e9tape de votre projet.<\/p><p>\u00a0<\/p><p><img fetchpriority=\"high\" decoding=\"async\" class=\"aligncenter wp-image-456 size-full\" src=\"http:\/\/imperialconstructions.fr\/wp-content\/uploads\/2025\/10\/pngegg-e1759402061986.png\" alt=\"\" width=\"1000\" height=\"750\" srcset=\"https:\/\/imperialconstructions.fr\/wp-content\/uploads\/2025\/10\/pngegg-e1759402061986.png 1000w, https:\/\/imperialconstructions.fr\/wp-content\/uploads\/2025\/10\/pngegg-e1759402061986-300x225.png 300w, https:\/\/imperialconstructions.fr\/wp-content\/uploads\/2025\/10\/pngegg-e1759402061986-768x576.png 768w\" sizes=\"(max-width: 1000px) 100vw, 1000px\" \/><\/p><h2>\u00a0<\/h2><h2>Construction Neuve et Gros \u0152uvre avec votre Ma\u00e7on 91\u00a0<\/h2><p>Pour toutes vos constructions neuves dans le 91, nous prenons en charge l&rsquo;int\u00e9gralit\u00e9 du gros \u0153uvre. Des fondations aux murs porteurs, en passant par les dalles et les chapes, nous garantissons une structure solide et p\u00e9renne pour votre future habitation ou b\u00e2timent. Notre expertise en <b>ma\u00e7onnerie 91<\/b> assure une base robuste et conforme aux normes en vigueur.<\/p><hr \/><h2>\u00a0<\/h2><h2>R\u00e9novation Int\u00e9rieure et Ext\u00e9rieure en Essonne<\/h2><p>Envie de redonner vie \u00e0 votre propri\u00e9t\u00e9 ? Notre entreprise de <strong>ma\u00e7onnerie 91<\/strong> est sp\u00e9cialis\u00e9e dans la <b>r\u00e9novation int\u00e9rieure et ext\u00e9rieure<\/b>, nous transformons vos espaces. Que ce soit pour la d\u00e9molition de cloisons, la cr\u00e9ation d&rsquo;ouvertures, la pose d&rsquo;enduits de fa\u00e7ade ou le ravalement, notre \u00e9quipe de <b>ma\u00e7ons 91<\/b> saura sublimer votre habitat. Nous intervenons avec pr\u00e9cision pour des finitions impeccables.<\/p><hr \/><h2>\u00a0<\/h2><h2>Agrandissements, Extensions et Travaux de Fa\u00e7ade 91<\/h2><p>Besoin de plus d&rsquo;espace ? Votre <strong>ma\u00e7on 91<\/strong> r\u00e9alise vos <b>agrandissements et extensions<\/b> avec expertise, assurant une parfaite int\u00e9gration architecturale et structurelle \u00e0 votre b\u00e2ti existant. De plus, pour vos <b>travaux de fa\u00e7ade<\/b>, qu&rsquo;il s&rsquo;agisse de r\u00e9novation, d&rsquo;isolation thermique par l&rsquo;ext\u00e9rieur ou de simple ravalement, nous vous offrons des solutions adapt\u00e9es pour am\u00e9liorer l&rsquo;esth\u00e9tique et les performances \u00e9nerg\u00e9tiques de votre bien dans le 91.<\/p><hr \/><h2>\u00a0<\/h2><h2>Am\u00e9nagements Ext\u00e9rieurs en Essonne<\/h2><p>Au-del\u00e0 du gros \u0153uvre, votre <strong>Ma\u00e7on 91<\/strong> am\u00e9nage vos ext\u00e9rieurs. De la <b>cr\u00e9ation de terrasses<\/b> en b\u00e9ton ou en dalles, \u00e0 la construction de <b>murets<\/b> d\u00e9coratifs ou fonctionnels, en passant par la pose de <b>cl\u00f4tures<\/b>, nous r\u00e9alisons des ouvrages ma\u00e7onn\u00e9s sur mesure. Confiez-nous vos projets d&rsquo;am\u00e9nagement paysager pour un ext\u00e9rieur \u00e0 la fois esth\u00e9tique et durable.<\/p><hr \/><h2>\u00a0<\/h2><h2>Un Ma\u00e7on 91 \u00e0 Votre \u00c9coute : Devis Gratuit et Intervention Rapide<\/h2><p>Votre satisfaction est notre priorit\u00e9. C&rsquo;est pourquoi nous vous offrons un devis gratuit et personnalis\u00e9, avec une r\u00e9ponse rapide \u00e0 toutes vos demandes. En tant que <b>ma\u00e7on 91<\/b>, nous sommes fiers de notre intervention dans toute la r\u00e9gion \u00cele-de-France, offrant un service de proximit\u00e9 et de qualit\u00e9. Contactez-nous d\u00e8s aujourd&rsquo;hui pour discuter de votre projet et b\u00e9n\u00e9ficier de l&rsquo;expertise d&rsquo;une \u00e9quipe engag\u00e9e et professionnelle.<\/p><\/div>\t\t\t\t\t\t\t\t<\/div>\n\t\t\t\t<\/div>\n\t\t\t\t<div class=\"elementor-element elementor-element-b26134f e-transform elementor-widget elementor-widget-button\" data-id=\"b26134f\" data-element_type=\"widget\" data-e-type=\"widget\" data-settings=\"{&quot;_transform_scale_effect&quot;:{&quot;unit&quot;:&quot;px&quot;,&quot;size&quot;:1.3,&quot;sizes&quot;:[]},&quot;_transform_scale_effect_tablet&quot;:{&quot;unit&quot;:&quot;px&quot;,&quot;size&quot;:&quot;&quot;,&quot;sizes&quot;:[]},&quot;_transform_scale_effect_mobile&quot;:{&quot;unit&quot;:&quot;px&quot;,&quot;size&quot;:&quot;&quot;,&quot;sizes&quot;:[]}}\" data-widget_type=\"button.default\">\n\t\t\t\t<div class=\"elementor-widget-container\">\n\t\t\t\t\t\t\t\t\t<div class=\"elementor-button-wrapper\">\n\t\t\t\t\t<a class=\"elementor-button elementor-button-link elementor-size-sm\" href=\"https:\/\/imperialconstructions.fr\/\">\n\t\t\t\t\t\t<span class=\"elementor-button-content-wrapper\">\n\t\t\t\t\t\t\t\t\t<span class=\"elementor-button-text\">Contactez-nous<\/span>\n\t\t\t\t\t<\/span>\n\t\t\t\t\t<\/a>\n\t\t\t\t<\/div>\n\t\t\t\t\t\t\t\t<\/div>\n\t\t\t\t<\/div>\n\t\t\t\t\t<\/div>\n\t\t\t\t<\/div>\n\t\t\t\t<\/div>\n\t\t","protected":false},"excerpt":{"rendered":"<p>Ma\u00e7on 91 : Votre Expert en Ma\u00e7onnerie G\u00e9n\u00e9rale en Essonne \u00a0 Vous recherchez un ma\u00e7on 91 fiable et exp\u00e9riment\u00e9 pour vos projets en Essonne (91) ou dans toute l&rsquo;\u00cele-de-France ? Ne cherchez plus ! Que ce soit pour une construction neuve, une r\u00e9novation ou un agrandissement, je mets mon expertise et celle de mon \u00e9quipe [&hellip;]<\/p>\n","protected":false},"author":1,"featured_media":0,"parent":0,"menu_order":0,"comment_status":"closed","ping_status":"closed","template":"","meta":{"footnotes":""},"class_list":["post-190","page","type-page","status-publish","hentry"],"_links":{"self":[{"href":"https:\/\/imperialconstructions.fr\/index.php\/wp-json\/wp\/v2\/pages\/190","targetHints":{"allow":["GET"]}}],"collection":[{"href":"https:\/\/imperialconstructions.fr\/index.php\/wp-json\/wp\/v2\/pages"}],"about":[{"href":"https:\/\/imperialconstructions.fr\/index.php\/wp-json\/wp\/v2\/types\/page"}],"author":[{"embeddable":true,"href":"https:\/\/imperialconstructions.fr\/index.php\/wp-json\/wp\/v2\/users\/1"}],"replies":[{"embeddable":true,"href":"https:\/\/imperialconstructions.fr\/index.php\/wp-json\/wp\/v2\/comments?post=190"}],"version-history":[{"count":27,"href":"https:\/\/imperialconstructions.fr\/index.php\/wp-json\/wp\/v2\/pages\/190\/revisions"}],"predecessor-version":[{"id":462,"href":"https:\/\/imperialconstructions.fr\/index.php\/wp-json\/wp\/v2\/pages\/190\/revisions\/462"}],"wp:attachment":[{"href":"https:\/\/imperialconstructions.fr\/index.php\/wp-json\/wp\/v2\/media?parent=190"}],"curies":[{"name":"wp","href":"https:\/\/api.w.org\/{rel}","templated":true}]}}